{"id":974,"date":"2022-07-07T06:15:14","date_gmt":"2022-07-07T06:15:14","guid":{"rendered":"https:\/\/uzars.lv\/musu-darbi\/"},"modified":"2022-11-10T08:43:45","modified_gmt":"2022-11-10T08:43:45","slug":"our-work","status":"publish","type":"page","link":"https:\/\/www.uzars.lv\/en\/our-work\/","title":{"rendered":"Our work"},"content":{"rendered":"<p>M\u0113s varam lepoties ar daudziem st\u0101stiem par dub\u013cu laukiem, kas p\u0101rtapu\u0161i skaist\u0101 bru\u0123\u012b, un ar daudziem laim\u012bgiem klientiem, kuri atgrie\u017eas atkal un atkal.<\/p>\n","protected":false},"excerpt":{"rendered":"<p>M\u0113s varam lepoties ar daudziem st\u0101stiem par dub\u013cu laukiem, kas p\u0101rtapu\u0161i skaist\u0101 bru\u0123\u012b, un ar daudziem laim\u012bgiem klientiem, kuri atgrie\u017eas atkal un atkal.<\/p>\n","protected":false},"author":1,"featured_media":490,"parent":0,"menu_order":0,"comment_status":"closed","ping_status":"closed","template":"portfolio.php","meta":{"_acf_changed":false,"footnotes":""},"class_list":["post-974","page","type-page","status-publish","has-post-thumbnail","hentry"],"acf":[],"_links":{"self":[{"href":"https:\/\/www.uzars.lv\/en\/wp-json\/wp\/v2\/pages\/974","targetHints":{"allow":["GET"]}}],"collection":[{"href":"https:\/\/www.uzars.lv\/en\/wp-json\/wp\/v2\/pages"}],"about":[{"href":"https:\/\/www.uzars.lv\/en\/wp-json\/wp\/v2\/types\/page"}],"author":[{"embeddable":true,"href":"https:\/\/www.uzars.lv\/en\/wp-json\/wp\/v2\/users\/1"}],"replies":[{"embeddable":true,"href":"https:\/\/www.uzars.lv\/en\/wp-json\/wp\/v2\/comments?post=974"}],"version-history":[{"count":7,"href":"https:\/\/www.uzars.lv\/en\/wp-json\/wp\/v2\/pages\/974\/revisions"}],"predecessor-version":[{"id":1151,"href":"https:\/\/www.uzars.lv\/en\/wp-json\/wp\/v2\/pages\/974\/revisions\/1151"}],"wp:featuredmedia":[{"embeddable":true,"href":"https:\/\/www.uzars.lv\/en\/wp-json\/wp\/v2\/media\/490"}],"wp:attachment":[{"href":"https:\/\/www.uzars.lv\/en\/wp-json\/wp\/v2\/media?parent=974"}],"curies":[{"name":"wp","href":"https:\/\/api.w.org\/{rel}","templated":true}]}}